{"id":665,"date":"2025-10-29T19:10:49","date_gmt":"2025-10-29T19:10:49","guid":{"rendered":"https:\/\/corele.shop\/?page_id=665"},"modified":"2025-10-30T21:03:45","modified_gmt":"2025-10-30T21:03:45","slug":"womens-merino-underwear","status":"publish","type":"page","link":"https:\/\/corele.shop\/pl\/womens-merino-underwear\/","title":{"rendered":"Women\u2019s Underwear"},"content":{"rendered":"\t\t<div data-elementor-type=\"wp-page\" data-elementor-id=\"665\" class=\"elementor elementor-665\">\n\t\t\t\t<div class=\"elementor-element elementor-element-b186233 e-flex e-con-boxed e-con e-parent\" data-id=\"b186233\" data-element_type=\"container\" data-e-type=\"container\">\n\t\t\t\t\t<div class=\"e-con-inner\">\n\t\t\t\t<div class=\"elementor-element elementor-element-83aced5 elementor-widget elementor-widget-shortcode\" data-id=\"83aced5\" data-element_type=\"widget\" data-e-type=\"widget\" data-widget_type=\"shortcode.default\">\n\t\t\t\t\t\t\t<div class=\"elementor-shortcode\"><div class=\"woocommerce columns-3 \"><ul class=\"products columns-3\">\n<li class=\"desktop-align-center tablet-align-center mobile-align-center product type-product post-764 status-publish first instock product_cat-women-underwear product_tag-antibacterial product_tag-breathable product_tag-corele product_tag-merino-wool product_tag-natural product_tag-underwear product_tag-women has-post-thumbnail shipping-taxable purchasable product-type-variable\">\n\t<a href=\"https:\/\/corele.shop\/pl\/produkt\/womens-merino-wool-underwear-natural-comfort-corele\/\" class=\"woocommerce-LoopProduct-link woocommerce-loop-product__link\"><img fetchpriority=\"high\" decoding=\"async\" width=\"300\" height=\"225\" src=\"https:\/\/corele.shop\/wp-content\/uploads\/2025\/10\/e257c695-6d3e-47e1-99b8-797ed0d72187-2-300x225.png\" class=\"attachment-woocommerce_thumbnail size-woocommerce_thumbnail\" alt=\"Women\u2019s Merino Wool Underwear \u2013 Natural Comfort\" \/><h2 class=\"woocommerce-loop-product__title\">Women\u2019s Merino Wool Underwear \u2013 Natural Comfort<\/h2><div class=\"review-rating\"><div class=\"star-rating\"><span style=\"width:0%\">Oceniono <strong class=\"rating\">0<\/strong> na 5<\/span><\/div><\/div>\n\t<span class=\"price\"><span class=\"woocommerce-Price-amount amount\"><bdi>22,00&nbsp;<span class=\"woocommerce-Price-currencySymbol\">&euro;<\/span><\/bdi><\/span><\/span>\n<\/a><a href=\"https:\/\/corele.shop\/pl\/produkt\/womens-merino-wool-underwear-natural-comfort-corele\/\" data-quantity=\"1\" class=\"ast-on-card-button ast-select-options-trigger product_type_variable add_to_cart_button\" data-product_id=\"764\" data-product_sku=\"\" aria-label=\"Wybierz opcje dla &bdquo;Women\u2019s Merino Wool Underwear \u2013 Natural Comfort&rdquo;\" rel=\"nofollow\"> <span class=\"ast-card-action-tooltip\"> Wybierz opcje <\/span> <span class=\"ahfb-svg-iconset\"> <span class=\"ast-icon icon-bag\"><svg xmlns=\"http:\/\/www.w3.org\/2000\/svg\" xmlns:xlink=\"http:\/\/www.w3.org\/1999\/xlink\" version=\"1.1\" id=\"ast-bag-icon-svg\" x=\"0px\" y=\"0px\" width=\"100\" height=\"100\" viewBox=\"826 826 140 140\" enable-background=\"new 826 826 140 140\" xml:space=\"preserve\">\n\t\t\t\t<path d=\"M960.758,934.509l2.632,23.541c0.15,1.403-0.25,2.657-1.203,3.761c-0.953,1.053-2.156,1.579-3.61,1.579H833.424  c-1.454,0-2.657-0.526-3.61-1.579c-0.952-1.104-1.354-2.357-1.203-3.761l2.632-23.541H960.758z M953.763,871.405l6.468,58.29H831.77  l6.468-58.29c0.15-1.203,0.677-2.218,1.58-3.045c0.903-0.827,1.981-1.241,3.234-1.241h19.254v9.627c0,2.658,0.94,4.927,2.82,6.807  s4.149,2.82,6.807,2.82c2.658,0,4.926-0.94,6.807-2.82s2.821-4.149,2.821-6.807v-9.627h28.882v9.627  c0,2.658,0.939,4.927,2.819,6.807c1.881,1.88,4.149,2.82,6.807,2.82s4.927-0.94,6.808-2.82c1.879-1.88,2.82-4.149,2.82-6.807v-9.627  h19.253c1.255,0,2.332,0.414,3.235,1.241C953.086,869.187,953.612,870.202,953.763,871.405z M924.881,857.492v19.254  c0,1.304-0.476,2.432-1.429,3.385s-2.08,1.429-3.385,1.429c-1.303,0-2.432-0.477-3.384-1.429c-0.953-0.953-1.43-2.081-1.43-3.385  v-19.254c0-5.315-1.881-9.853-5.641-13.613c-3.76-3.761-8.298-5.641-13.613-5.641s-9.853,1.88-13.613,5.641  c-3.761,3.76-5.641,8.298-5.641,13.613v19.254c0,1.304-0.476,2.432-1.429,3.385c-0.953,0.953-2.081,1.429-3.385,1.429  c-1.303,0-2.432-0.477-3.384-1.429c-0.953-0.953-1.429-2.081-1.429-3.385v-19.254c0-7.973,2.821-14.779,8.461-20.42  c5.641-5.641,12.448-8.461,20.42-8.461c7.973,0,14.779,2.82,20.42,8.461C922.062,842.712,924.881,849.519,924.881,857.492z\" \/>\n\t\t\t\t<\/svg><\/span> <\/span> <\/a><a href=\"https:\/\/corele.shop\/pl\/produkt\/womens-merino-wool-underwear-natural-comfort-corele\/\" aria-describedby=\"woocommerce_loop_add_to_cart_link_describedby_764\" data-quantity=\"1\" class=\"button product_type_variable add_to_cart_button\" data-product_id=\"764\" data-product_sku=\"\" aria-label=\"Wybierz opcje dla &bdquo;Women\u2019s Merino Wool Underwear \u2013 Natural Comfort&rdquo;\" rel=\"nofollow\">Wybierz opcje<\/a>\t<span id=\"woocommerce_loop_add_to_cart_link_describedby_764\" class=\"screen-reader-text\">\n\t\tTen produkt ma wiele wariant\u00f3w. Opcje mo\u017cna wybra\u0107 na stronie produktu\t<\/span>\n<div class=\"tinv-wraper woocommerce tinv-wishlist tinvwl-after-add-to-cart tinvwl-loop-button-wrapper tinvwl-woocommerce_after_shop_loop_item\"\r\n\t data-tinvwl_product_id=\"764\">\r\n\t<div class=\"tinv-wishlist-clear\"><\/div><a role=\"button\" tabindex=\"0\" name=\"add-to-wishlist\" aria-label=\"Add to Wishlist\" class=\"tinvwl_add_to_wishlist_button tinvwl-icon-heart icon-black  tinvwl-position-after tinvwl-loop\" data-tinv-wl-list=\"[]\" data-tinv-wl-product=\"764\" data-tinv-wl-productvariation=\"0\" data-tinv-wl-productvariations=\"[767,768,769,770,771,0]\" data-tinv-wl-producttype=\"variable\" data-tinv-wl-action=\"add\"><span class=\"tinvwl_add_to_wishlist-text\">Add to Wishlist<\/span><\/a><div class=\"tinv-wishlist-clear\"><\/div>\t\t<div\r\n\t\tclass=\"tinvwl-tooltip\">Add to Wishlist<\/div>\r\n<\/div>\r\n<\/li>\n<\/ul>\n<\/div><\/div>\n\t\t\t\t\t\t<\/div>\n\t\t\t\t\t<\/div>\n\t\t\t\t<\/div>\n\t\t\t\t<\/div>\n\t\t","protected":false},"excerpt":{"rendered":"","protected":false},"author":1,"featured_media":0,"parent":0,"menu_order":0,"comment_status":"closed","ping_status":"closed","template":"","meta":{"site-sidebar-layout":"no-sidebar","site-content-layout":"","ast-site-content-layout":"full-width-container","site-content-style":"default","site-sidebar-style":"default","ast-global-header-display":"","ast-banner-title-visibility":"","ast-main-header-display":"","ast-hfb-above-header-display":"","ast-hfb-below-header-display":"","ast-hfb-mobile-header-display":"","site-post-title":"","ast-breadcrumbs-content":"","ast-featured-img":"disabled","footer-sml-layout":"","theme-transparent-header-meta":"","adv-header-id-meta":"","stick-header-meta":"","header-above-stick-meta":"","header-main-stick-meta":"","header-below-stick-meta":"","astra-migrate-meta-layouts":"default","ast-page-background-enabled":"default","ast-page-background-meta":{"desktop":{"background-color":"var(--ast-global-color-5)","background-image":"","background-repeat":"repeat","background-position":"center center","background-size":"auto","background-attachment":"scroll","background-type":"","background-media":"","overlay-type":"","overlay-color":"","overlay-opacity":"","overlay-gradient":""},"tablet":{"background-color":"","background-image":"","background-repeat":"repeat","background-position":"center center","background-size":"auto","background-attachment":"scroll","background-type":"","background-media":"","overlay-type":"","overlay-color":"","overlay-opacity":"","overlay-gradient":""},"mobile":{"background-color":"","background-image":"","background-repeat":"repeat","background-position":"center center","background-size":"auto","background-attachment":"scroll","background-type":"","background-media":"","overlay-type":"","overlay-color":"","overlay-opacity":"","overlay-gradient":""}},"ast-content-background-meta":{"desktop":{"background-color":"var(--ast-global-color-4)","background-image":"","background-repeat":"repeat","background-position":"center center","background-size":"auto","background-attachment":"scroll","background-type":"","background-media":"","overlay-type":"","overlay-color":"","overlay-opacity":"","overlay-gradient":""},"tablet":{"background-color":"var(--ast-global-color-4)","background-image":"","background-repeat":"repeat","background-position":"center center","background-size":"auto","background-attachment":"scroll","background-type":"","background-media":"","overlay-type":"","overlay-color":"","overlay-opacity":"","overlay-gradient":""},"mobile":{"background-color":"var(--ast-global-color-4)","background-image":"","background-repeat":"repeat","background-position":"center center","background-size":"auto","background-attachment":"scroll","background-type":"","background-media":"","overlay-type":"","overlay-color":"","overlay-opacity":"","overlay-gradient":""}},"footnotes":""},"class_list":["post-665","page","type-page","status-publish","hentry"],"yoast_head":"<!-- This site is optimized with the Yoast SEO plugin v27.3 - https:\/\/yoast.com\/product\/yoast-seo-wordpress\/ -->\n<title>Women\u2019s Underwear - COREL\u00c9<\/title>\n<meta name=\"robots\" content=\"index, follow, max-snippet:-1, max-image-preview:large, max-video-preview:-1\" \/>\n<link rel=\"canonical\" href=\"https:\/\/corele.shop\/pl\/womens-merino-underwear\/\" \/>\n<meta property=\"og:locale\" content=\"pl_PL\" \/>\n<meta property=\"og:type\" content=\"article\" \/>\n<meta property=\"og:title\" content=\"Women\u2019s Underwear - COREL\u00c9\" \/>\n<meta property=\"og:url\" content=\"https:\/\/corele.shop\/pl\/womens-merino-underwear\/\" \/>\n<meta property=\"og:site_name\" content=\"COREL\u00c9\" \/>\n<meta property=\"article:modified_time\" content=\"2025-10-30T21:03:45+00:00\" \/>\n<meta property=\"og:image\" content=\"https:\/\/corele.shop\/wp-content\/uploads\/2025\/11\/CB6350C4-6CE3-47DD-AF95-24D785963978.jpg\" \/>\n\t<meta property=\"og:image:width\" content=\"1536\" \/>\n\t<meta property=\"og:image:height\" content=\"1024\" \/>\n\t<meta property=\"og:image:type\" content=\"image\/jpeg\" \/>\n<meta name=\"twitter:card\" content=\"summary_large_image\" \/>\n<meta name=\"twitter:label1\" content=\"Szacowany czas czytania\" \/>\n\t<meta name=\"twitter:data1\" content=\"1 minuta\" \/>\n<script type=\"application\/ld+json\" class=\"yoast-schema-graph\">{\"@context\":\"https:\\\/\\\/schema.org\",\"@graph\":[{\"@type\":\"WebPage\",\"@id\":\"https:\\\/\\\/corele.shop\\\/womens-merino-underwear\\\/\",\"url\":\"https:\\\/\\\/corele.shop\\\/womens-merino-underwear\\\/\",\"name\":\"Women\u2019s Underwear - COREL\u00c9\",\"isPartOf\":{\"@id\":\"https:\\\/\\\/corele.shop\\\/#website\"},\"datePublished\":\"2025-10-29T19:10:49+00:00\",\"dateModified\":\"2025-10-30T21:03:45+00:00\",\"breadcrumb\":{\"@id\":\"https:\\\/\\\/corele.shop\\\/womens-merino-underwear\\\/#breadcrumb\"},\"inLanguage\":\"pl-PL\",\"potentialAction\":[{\"@type\":\"ReadAction\",\"target\":[\"https:\\\/\\\/corele.shop\\\/womens-merino-underwear\\\/\"]}]},{\"@type\":\"BreadcrumbList\",\"@id\":\"https:\\\/\\\/corele.shop\\\/womens-merino-underwear\\\/#breadcrumb\",\"itemListElement\":[{\"@type\":\"ListItem\",\"position\":1,\"name\":\"Home\",\"item\":\"https:\\\/\\\/corele.shop\\\/\"},{\"@type\":\"ListItem\",\"position\":2,\"name\":\"Women\u2019s Underwear\"}]},{\"@type\":\"WebSite\",\"@id\":\"https:\\\/\\\/corele.shop\\\/#website\",\"url\":\"https:\\\/\\\/corele.shop\\\/\",\"name\":\"Corele.shop\",\"description\":\"\",\"publisher\":{\"@id\":\"https:\\\/\\\/corele.shop\\\/#organization\"},\"potentialAction\":[{\"@type\":\"SearchAction\",\"target\":{\"@type\":\"EntryPoint\",\"urlTemplate\":\"https:\\\/\\\/corele.shop\\\/?s={search_term_string}\"},\"query-input\":{\"@type\":\"PropertyValueSpecification\",\"valueRequired\":true,\"valueName\":\"search_term_string\"}}],\"inLanguage\":\"pl-PL\"},{\"@type\":\"Organization\",\"@id\":\"https:\\\/\\\/corele.shop\\\/#organization\",\"name\":\"Corele.shop\",\"url\":\"https:\\\/\\\/corele.shop\\\/\",\"logo\":{\"@type\":\"ImageObject\",\"inLanguage\":\"pl-PL\",\"@id\":\"https:\\\/\\\/corele.shop\\\/#\\\/schema\\\/logo\\\/image\\\/\",\"url\":\"https:\\\/\\\/corele.shop\\\/wp-content\\\/uploads\\\/2025\\\/11\\\/CB6350C4-6CE3-47DD-AF95-24D785963978.jpg\",\"contentUrl\":\"https:\\\/\\\/corele.shop\\\/wp-content\\\/uploads\\\/2025\\\/11\\\/CB6350C4-6CE3-47DD-AF95-24D785963978.jpg\",\"width\":1536,\"height\":1024,\"caption\":\"Corele.shop\"},\"image\":{\"@id\":\"https:\\\/\\\/corele.shop\\\/#\\\/schema\\\/logo\\\/image\\\/\"}}]}<\/script>\n<!-- \/ Yoast SEO plugin. -->","yoast_head_json":{"title":"Women\u2019s Underwear - COREL\u00c9","robots":{"index":"index","follow":"follow","max-snippet":"max-snippet:-1","max-image-preview":"max-image-preview:large","max-video-preview":"max-video-preview:-1"},"canonical":"https:\/\/corele.shop\/pl\/womens-merino-underwear\/","og_locale":"pl_PL","og_type":"article","og_title":"Women\u2019s Underwear - COREL\u00c9","og_url":"https:\/\/corele.shop\/pl\/womens-merino-underwear\/","og_site_name":"COREL\u00c9","article_modified_time":"2025-10-30T21:03:45+00:00","og_image":[{"width":1536,"height":1024,"url":"https:\/\/corele.shop\/wp-content\/uploads\/2025\/11\/CB6350C4-6CE3-47DD-AF95-24D785963978.jpg","type":"image\/jpeg"}],"twitter_card":"summary_large_image","twitter_misc":{"Szacowany czas czytania":"1 minuta"},"schema":{"@context":"https:\/\/schema.org","@graph":[{"@type":"WebPage","@id":"https:\/\/corele.shop\/womens-merino-underwear\/","url":"https:\/\/corele.shop\/womens-merino-underwear\/","name":"Women\u2019s Underwear - COREL\u00c9","isPartOf":{"@id":"https:\/\/corele.shop\/#website"},"datePublished":"2025-10-29T19:10:49+00:00","dateModified":"2025-10-30T21:03:45+00:00","breadcrumb":{"@id":"https:\/\/corele.shop\/womens-merino-underwear\/#breadcrumb"},"inLanguage":"pl-PL","potentialAction":[{"@type":"ReadAction","target":["https:\/\/corele.shop\/womens-merino-underwear\/"]}]},{"@type":"BreadcrumbList","@id":"https:\/\/corele.shop\/womens-merino-underwear\/#breadcrumb","itemListElement":[{"@type":"ListItem","position":1,"name":"Home","item":"https:\/\/corele.shop\/"},{"@type":"ListItem","position":2,"name":"Women\u2019s Underwear"}]},{"@type":"WebSite","@id":"https:\/\/corele.shop\/#website","url":"https:\/\/corele.shop\/","name":"Corele.shop","description":"","publisher":{"@id":"https:\/\/corele.shop\/#organization"},"potentialAction":[{"@type":"SearchAction","target":{"@type":"EntryPoint","urlTemplate":"https:\/\/corele.shop\/?s={search_term_string}"},"query-input":{"@type":"PropertyValueSpecification","valueRequired":true,"valueName":"search_term_string"}}],"inLanguage":"pl-PL"},{"@type":"Organization","@id":"https:\/\/corele.shop\/#organization","name":"Corele.shop","url":"https:\/\/corele.shop\/","logo":{"@type":"ImageObject","inLanguage":"pl-PL","@id":"https:\/\/corele.shop\/#\/schema\/logo\/image\/","url":"https:\/\/corele.shop\/wp-content\/uploads\/2025\/11\/CB6350C4-6CE3-47DD-AF95-24D785963978.jpg","contentUrl":"https:\/\/corele.shop\/wp-content\/uploads\/2025\/11\/CB6350C4-6CE3-47DD-AF95-24D785963978.jpg","width":1536,"height":1024,"caption":"Corele.shop"},"image":{"@id":"https:\/\/corele.shop\/#\/schema\/logo\/image\/"}}]}},"_hostinger_reach_plugin_has_subscription_block":false,"_hostinger_reach_plugin_is_elementor":false,"jetpack_sharing_enabled":true,"_links":{"self":[{"href":"https:\/\/corele.shop\/pl\/wp-json\/wp\/v2\/pages\/665","targetHints":{"allow":["GET"]}}],"collection":[{"href":"https:\/\/corele.shop\/pl\/wp-json\/wp\/v2\/pages"}],"about":[{"href":"https:\/\/corele.shop\/pl\/wp-json\/wp\/v2\/types\/page"}],"author":[{"embeddable":true,"href":"https:\/\/corele.shop\/pl\/wp-json\/wp\/v2\/users\/1"}],"replies":[{"embeddable":true,"href":"https:\/\/corele.shop\/pl\/wp-json\/wp\/v2\/comments?post=665"}],"version-history":[{"count":17,"href":"https:\/\/corele.shop\/pl\/wp-json\/wp\/v2\/pages\/665\/revisions"}],"predecessor-version":[{"id":787,"href":"https:\/\/corele.shop\/pl\/wp-json\/wp\/v2\/pages\/665\/revisions\/787"}],"wp:attachment":[{"href":"https:\/\/corele.shop\/pl\/wp-json\/wp\/v2\/media?parent=665"}],"curies":[{"name":"wp","href":"https:\/\/api.w.org\/{rel}","templated":true}]}}