{"id":81,"date":"2025-10-14T20:44:07","date_gmt":"2025-10-14T20:44:07","guid":{"rendered":"https:\/\/corele.shop\/?page_id=81"},"modified":"2025-11-02T17:31:32","modified_gmt":"2025-11-02T17:31:32","slug":"about-corele","status":"publish","type":"page","link":"https:\/\/corele.shop\/pl\/about-corele\/","title":{"rendered":"About COREL\u00c9"},"content":{"rendered":"<div data-elementor-type=\"wp-page\" data-elementor-id=\"81\" class=\"elementor elementor-81\">\n\t\t\t\t<div class=\"elementor-element elementor-element-9ddef1d e-flex e-con-boxed e-con e-parent\" data-id=\"9ddef1d\" data-element_type=\"container\" data-e-type=\"container\">\n\t\t\t\t\t<div class=\"e-con-inner\">\n\t\t\t\t<div class=\"elementor-element elementor-element-bfa322f elementor-widget elementor-widget-heading\" data-id=\"bfa322f\" data-element_type=\"widget\" data-e-type=\"widget\" data-widget_type=\"heading.default\">\n\t\t\t\t\t<h2 class=\"elementor-heading-title elementor-size-default\">The Story of COREL\u00c9<\/h2>\t\t\t\t<\/div>\n\t\t\t\t\t<\/div>\n\t\t\t\t<\/div>\n\t\t<div class=\"elementor-element elementor-element-f571c24 e-flex e-con-boxed e-con e-parent\" data-id=\"f571c24\" data-element_type=\"container\" data-e-type=\"container\" data-settings=\"{&quot;background_background&quot;:&quot;gradient&quot;}\">\n\t\t\t\t\t<div class=\"e-con-inner\">\n\t\t\t\t<div class=\"elementor-element elementor-element-b0717a9 elementor-widget elementor-widget-image\" data-id=\"b0717a9\" data-element_type=\"widget\" data-e-type=\"widget\" data-widget_type=\"image.default\">\n\t\t\t\t\t\t\t\t\t\t\t\t\t\t\t<img fetchpriority=\"high\" decoding=\"async\" width=\"1024\" height=\"1024\" src=\"https:\/\/corele.shop\/wp-content\/uploads\/2025\/11\/FF709D43-BA2C-4926-83A1-4E8ADE5EA6B2.jpg\" class=\"attachment-large size-large wp-image-890\" alt=\"\" srcset=\"https:\/\/corele.shop\/wp-content\/uploads\/2025\/11\/FF709D43-BA2C-4926-83A1-4E8ADE5EA6B2.jpg 1024w, https:\/\/corele.shop\/wp-content\/uploads\/2025\/11\/FF709D43-BA2C-4926-83A1-4E8ADE5EA6B2-100x100.jpg 100w, https:\/\/corele.shop\/wp-content\/uploads\/2025\/11\/FF709D43-BA2C-4926-83A1-4E8ADE5EA6B2-600x600.jpg 600w, https:\/\/corele.shop\/wp-content\/uploads\/2025\/11\/FF709D43-BA2C-4926-83A1-4E8ADE5EA6B2-300x300.jpg 300w, https:\/\/corele.shop\/wp-content\/uploads\/2025\/11\/FF709D43-BA2C-4926-83A1-4E8ADE5EA6B2-150x150.jpg 150w, https:\/\/corele.shop\/wp-content\/uploads\/2025\/11\/FF709D43-BA2C-4926-83A1-4E8ADE5EA6B2-768x768.jpg 768w, https:\/\/corele.shop\/wp-content\/uploads\/2025\/11\/FF709D43-BA2C-4926-83A1-4E8ADE5EA6B2-12x12.jpg 12w\" sizes=\"(max-width: 1024px) 100vw, 1024px\" \/>\t\t\t\t\t\t\t\t\t\t\t\t\t\t\t<\/div>\n\t\t\t\t\t<\/div>\n\t\t\t\t<\/div>\n\t\t<div class=\"elementor-element elementor-element-11a874f e-flex e-con-boxed e-con e-parent\" data-id=\"11a874f\" data-element_type=\"container\" data-e-type=\"container\">\n\t\t\t\t\t<div class=\"e-con-inner\">\n\t\t\t\t<div class=\"elementor-element elementor-element-3e3d744 elementor-widget elementor-widget-text-editor\" data-id=\"3e3d744\" data-element_type=\"widget\" data-e-type=\"widget\" data-widget_type=\"text-editor.default\">\n\t\t\t\t\t\t\t\t\t<p>At COREL\u00c9, we believe in quiet luxury and natural comfort.<br \/>Each piece is thoughtfully crafted from 100% pure Merino wool \u2014 designed to move with you and breathe with nature.<br \/>Simplicity, softness, and timeless design define our everyday essentials.<br \/>Handcrafted with care in Europe<\/p>\t\t\t\t\t\t\t\t<\/div>\n\t\t\t\t\t<\/div>\n\t\t\t\t<\/div>\n\t\t<div class=\"elementor-element elementor-element-f6941db e-flex e-con-boxed e-con e-parent\" data-id=\"f6941db\" data-element_type=\"container\" data-e-type=\"container\">\n\t\t\t\t\t<div class=\"e-con-inner\">\n\t\t<div class=\"elementor-element elementor-element-3f15f81 e-con-full e-flex e-con e-child\" data-id=\"3f15f81\" data-element_type=\"container\" data-e-type=\"container\">\n\t\t\t\t<div class=\"elementor-element elementor-element-785dc34 elementor-widget elementor-widget-heading\" data-id=\"785dc34\" data-element_type=\"widget\" data-e-type=\"widget\" data-widget_type=\"heading.default\">\n\t\t\t\t\t<h2 class=\"elementor-heading-title elementor-size-default\">Our values<\/h2>\t\t\t\t<\/div>\n\t\t\t\t<\/div>\n\t\t<div class=\"elementor-element elementor-element-c2aab01 e-con-full e-flex e-con e-child\" data-id=\"c2aab01\" data-element_type=\"container\" data-e-type=\"container\">\n\t\t\t\t<div class=\"elementor-element elementor-element-2839055 elementor-widget elementor-widget-text-editor\" data-id=\"2839055\" data-element_type=\"widget\" data-e-type=\"widget\" data-widget_type=\"text-editor.default\">\n\t\t\t\t\t\t\t\t\t<div class=\"gs\"><div class=\"\"><div id=\":2k\" class=\"ii gt adO\"><div id=\":2j\" class=\"a3s aiL\"><div><div>Sustainability<br \/>Thoughtfully made in Europe with respect for nature and mindful production practices.<\/div><\/div><\/div><\/div><div class=\"WhmR8e\" data-hash=\"0\">\u00a0<\/div><\/div><\/div>\t\t\t\t\t\t\t\t<\/div>\n\t\t\t\t<\/div>\n\t\t\t\t\t<\/div>\n\t\t\t\t<\/div>\n\t\t<div class=\"elementor-element elementor-element-6ec3932 e-flex e-con-boxed e-con e-parent\" data-id=\"6ec3932\" data-element_type=\"container\" data-e-type=\"container\">\n\t\t\t\t\t<div class=\"e-con-inner\">\n\t\t\t\t<div class=\"elementor-element elementor-element-0339027 elementor-view-default elementor-widget elementor-widget-icon\" data-id=\"0339027\" data-element_type=\"widget\" data-e-type=\"widget\" data-widget_type=\"icon.default\">\n\t\t\t\t\t\t\t<div class=\"elementor-icon-wrapper\">\n\t\t\t<div class=\"elementor-icon\">\n\t\t\t<svg aria-hidden=\"true\" class=\"e-font-icon-svg e-fas-hand-holding-heart\" viewbox=\"0 0 576 512\" xmlns=\"http:\/\/www.w3.org\/2000\/svg\"><path d=\"M275.3 250.5c7 7.4 18.4 7.4 25.5 0l108.9-114.2c31.6-33.2 29.8-88.2-5.6-118.8-30.8-26.7-76.7-21.9-104.9 7.7L288 36.9l-11.1-11.6C248.7-4.4 202.8-9.2 172 17.5c-35.3 30.6-37.2 85.6-5.6 118.8l108.9 114.2zm290 77.6c-11.8-10.7-30.2-10-42.6 0L430.3 402c-11.3 9.1-25.4 14-40 14H272c-8.8 0-16-7.2-16-16s7.2-16 16-16h78.3c15.9 0 30.7-10.9 33.3-26.6 3.3-20-12.1-37.4-31.6-37.4H192c-27 0-53.1 9.3-74.1 26.3L71.4 384H16c-8.8 0-16 7.2-16 16v96c0 8.8 7.2 16 16 16h356.8c14.5 0 28.6-4.9 40-14L564 377c15.2-12.1 16.4-35.3 1.3-48.9z\"><\/path><\/svg>\t\t\t<\/div>\n\t\t<\/div>\n\t\t\t\t\t\t<\/div>\n\t\t\t\t\t<\/div>\n\t\t\t\t<\/div>\n\t\t<div class=\"elementor-element elementor-element-f49fc81 e-flex e-con-boxed e-con e-parent\" data-id=\"f49fc81\" data-element_type=\"container\" data-e-type=\"container\">\n\t\t\t\t\t<div class=\"e-con-inner\">\n\t\t<div class=\"elementor-element elementor-element-5116a85 e-con-full e-flex e-con e-child\" data-id=\"5116a85\" data-element_type=\"container\" data-e-type=\"container\">\n\t\t\t\t<div class=\"elementor-element elementor-element-779c151 elementor-widget elementor-widget-text-editor\" data-id=\"779c151\" data-element_type=\"widget\" data-e-type=\"widget\" data-widget_type=\"text-editor.default\">\n\t\t\t\t\t\t\t\t\t<p>Quality &amp; Comfort<br \/>Every piece is carefully crafted from premium natural fibers for maximum softness and breathability.<\/p>\t\t\t\t\t\t\t\t<\/div>\n\t\t\t\t<\/div>\n\t\t<div class=\"elementor-element elementor-element-4a3394b e-con-full e-flex e-con e-child\" data-id=\"4a3394b\" data-element_type=\"container\" data-e-type=\"container\">\n\t\t\t\t<div class=\"elementor-element elementor-element-aa6f877 elementor-widget elementor-widget-text-editor\" data-id=\"aa6f877\" data-element_type=\"widget\" data-e-type=\"widget\" data-widget_type=\"text-editor.default\">\n\t\t\t\t\t\t\t\t\t<p>Simplicity &amp; Style<br \/>We believe in minimal design that highlights the beauty of natural materials and timeless shapes.<\/p>\t\t\t\t\t\t\t\t<\/div>\n\t\t\t\t<\/div>\n\t\t\t\t<div class=\"elementor-element elementor-element-2e76597 elementor-widget elementor-widget-text-editor\" data-id=\"2e76597\" data-element_type=\"widget\" data-e-type=\"widget\" data-widget_type=\"text-editor.default\">\n\t\t\t\t\t\t\t\t\t<p>\u00a0<\/p><p>\u00a0<\/p>\t\t\t\t\t\t\t\t<\/div>\n\t\t\t\t\t<\/div>\n\t\t\t\t<\/div>\n\t\t\t\t<\/div>","protected":false},"excerpt":{"rendered":"<p>The Story of COREL\u00c9 At COREL\u00c9, we believe in quiet luxury and natural comfort.Each piece is thoughtfully crafted from 100% [&hellip;]<\/p>\n","protected":false},"author":1,"featured_media":0,"parent":0,"menu_order":0,"comment_status":"closed","ping_status":"closed","template":"","meta":{"site-sidebar-layout":"no-sidebar","site-content-layout":"","ast-site-content-layout":"full-width-container","site-content-style":"default","site-sidebar-style":"default","ast-global-header-display":"","ast-banner-title-visibility":"","ast-main-header-display":"","ast-hfb-above-header-display":"","ast-hfb-below-header-display":"","ast-hfb-mobile-header-display":"","site-post-title":"","ast-breadcrumbs-content":"","ast-featured-img":"disabled","footer-sml-layout":"","theme-transparent-header-meta":"","adv-header-id-meta":"","stick-header-meta":"","header-above-stick-meta":"","header-main-stick-meta":"","header-below-stick-meta":"","astra-migrate-meta-layouts":"default","ast-page-background-enabled":"default","ast-page-background-meta":{"desktop":{"background-color":"var(--ast-global-color-5)","background-image":"","background-repeat":"repeat","background-position":"center center","background-size":"auto","background-attachment":"scroll","background-type":"","background-media":"","overlay-type":"","overlay-color":"","overlay-opacity":"","overlay-gradient":""},"tablet":{"background-color":"","background-image":"","background-repeat":"repeat","background-position":"center center","background-size":"auto","background-attachment":"scroll","background-type":"","background-media":"","overlay-type":"","overlay-color":"","overlay-opacity":"","overlay-gradient":""},"mobile":{"background-color":"","background-image":"","background-repeat":"repeat","background-position":"center center","background-size":"auto","background-attachment":"scroll","background-type":"","background-media":"","overlay-type":"","overlay-color":"","overlay-opacity":"","overlay-gradient":""}},"ast-content-background-meta":{"desktop":{"background-color":"var(--ast-global-color-4)","background-image":"","background-repeat":"repeat","background-position":"center center","background-size":"auto","background-attachment":"scroll","background-type":"","background-media":"","overlay-type":"","overlay-color":"","overlay-opacity":"","overlay-gradient":""},"tablet":{"background-color":"var(--ast-global-color-4)","background-image":"","background-repeat":"repeat","background-position":"center center","background-size":"auto","background-attachment":"scroll","background-type":"","background-media":"","overlay-type":"","overlay-color":"","overlay-opacity":"","overlay-gradient":""},"mobile":{"background-color":"var(--ast-global-color-4)","background-image":"","background-repeat":"repeat","background-position":"center center","background-size":"auto","background-attachment":"scroll","background-type":"","background-media":"","overlay-type":"","overlay-color":"","overlay-opacity":"","overlay-gradient":""}},"footnotes":""},"class_list":["post-81","page","type-page","status-publish","hentry"],"yoast_head":"<!-- This site is optimized with the Yoast SEO plugin v27.3 - https:\/\/yoast.com\/product\/yoast-seo-wordpress\/ -->\n<title>About COREL\u00c9 - COREL\u00c9<\/title>\n<meta name=\"robots\" content=\"index, follow, max-snippet:-1, max-image-preview:large, max-video-preview:-1\" \/>\n<link rel=\"canonical\" href=\"https:\/\/corele.shop\/pl\/about-corele\/\" \/>\n<meta property=\"og:locale\" content=\"pl_PL\" \/>\n<meta property=\"og:type\" content=\"article\" \/>\n<meta property=\"og:title\" content=\"About COREL\u00c9 - COREL\u00c9\" \/>\n<meta property=\"og:description\" content=\"The Story of COREL\u00c9 At COREL\u00c9, we believe in quiet luxury and natural comfort.Each piece is thoughtfully crafted from 100% [&hellip;]\" \/>\n<meta property=\"og:url\" content=\"https:\/\/corele.shop\/pl\/about-corele\/\" \/>\n<meta property=\"og:site_name\" content=\"COREL\u00c9\" \/>\n<meta property=\"article:modified_time\" content=\"2025-11-02T17:31:32+00:00\" \/>\n<meta property=\"og:image\" content=\"https:\/\/corele.shop\/wp-content\/uploads\/2025\/11\/FF709D43-BA2C-4926-83A1-4E8ADE5EA6B2.jpg\" \/>\n\t<meta property=\"og:image:width\" content=\"1024\" \/>\n\t<meta property=\"og:image:height\" content=\"1024\" \/>\n\t<meta property=\"og:image:type\" content=\"image\/jpeg\" \/>\n<meta name=\"twitter:card\" content=\"summary_large_image\" \/>\n<meta name=\"twitter:label1\" content=\"Szacowany czas czytania\" \/>\n\t<meta name=\"twitter:data1\" content=\"1 minuta\" \/>\n<script type=\"application\/ld+json\" class=\"yoast-schema-graph\">{\"@context\":\"https:\\\/\\\/schema.org\",\"@graph\":[{\"@type\":\"WebPage\",\"@id\":\"https:\\\/\\\/corele.shop\\\/about-corele\\\/\",\"url\":\"https:\\\/\\\/corele.shop\\\/about-corele\\\/\",\"name\":\"About COREL\u00c9 - COREL\u00c9\",\"isPartOf\":{\"@id\":\"https:\\\/\\\/corele.shop\\\/#website\"},\"primaryImageOfPage\":{\"@id\":\"https:\\\/\\\/corele.shop\\\/about-corele\\\/#primaryimage\"},\"image\":{\"@id\":\"https:\\\/\\\/corele.shop\\\/about-corele\\\/#primaryimage\"},\"thumbnailUrl\":\"https:\\\/\\\/corele.shop\\\/wp-content\\\/uploads\\\/2025\\\/11\\\/FF709D43-BA2C-4926-83A1-4E8ADE5EA6B2.jpg\",\"datePublished\":\"2025-10-14T20:44:07+00:00\",\"dateModified\":\"2025-11-02T17:31:32+00:00\",\"breadcrumb\":{\"@id\":\"https:\\\/\\\/corele.shop\\\/about-corele\\\/#breadcrumb\"},\"inLanguage\":\"pl-PL\",\"potentialAction\":[{\"@type\":\"ReadAction\",\"target\":[\"https:\\\/\\\/corele.shop\\\/about-corele\\\/\"]}]},{\"@type\":\"ImageObject\",\"inLanguage\":\"pl-PL\",\"@id\":\"https:\\\/\\\/corele.shop\\\/about-corele\\\/#primaryimage\",\"url\":\"https:\\\/\\\/corele.shop\\\/wp-content\\\/uploads\\\/2025\\\/11\\\/FF709D43-BA2C-4926-83A1-4E8ADE5EA6B2.jpg\",\"contentUrl\":\"https:\\\/\\\/corele.shop\\\/wp-content\\\/uploads\\\/2025\\\/11\\\/FF709D43-BA2C-4926-83A1-4E8ADE5EA6B2.jpg\"},{\"@type\":\"BreadcrumbList\",\"@id\":\"https:\\\/\\\/corele.shop\\\/about-corele\\\/#breadcrumb\",\"itemListElement\":[{\"@type\":\"ListItem\",\"position\":1,\"name\":\"Home\",\"item\":\"https:\\\/\\\/corele.shop\\\/\"},{\"@type\":\"ListItem\",\"position\":2,\"name\":\"About COREL\u00c9\"}]},{\"@type\":\"WebSite\",\"@id\":\"https:\\\/\\\/corele.shop\\\/#website\",\"url\":\"https:\\\/\\\/corele.shop\\\/\",\"name\":\"Corele.shop\",\"description\":\"\",\"publisher\":{\"@id\":\"https:\\\/\\\/corele.shop\\\/#organization\"},\"potentialAction\":[{\"@type\":\"SearchAction\",\"target\":{\"@type\":\"EntryPoint\",\"urlTemplate\":\"https:\\\/\\\/corele.shop\\\/?s={search_term_string}\"},\"query-input\":{\"@type\":\"PropertyValueSpecification\",\"valueRequired\":true,\"valueName\":\"search_term_string\"}}],\"inLanguage\":\"pl-PL\"},{\"@type\":\"Organization\",\"@id\":\"https:\\\/\\\/corele.shop\\\/#organization\",\"name\":\"Corele.shop\",\"url\":\"https:\\\/\\\/corele.shop\\\/\",\"logo\":{\"@type\":\"ImageObject\",\"inLanguage\":\"pl-PL\",\"@id\":\"https:\\\/\\\/corele.shop\\\/#\\\/schema\\\/logo\\\/image\\\/\",\"url\":\"https:\\\/\\\/corele.shop\\\/wp-content\\\/uploads\\\/2025\\\/11\\\/CB6350C4-6CE3-47DD-AF95-24D785963978.jpg\",\"contentUrl\":\"https:\\\/\\\/corele.shop\\\/wp-content\\\/uploads\\\/2025\\\/11\\\/CB6350C4-6CE3-47DD-AF95-24D785963978.jpg\",\"width\":1536,\"height\":1024,\"caption\":\"Corele.shop\"},\"image\":{\"@id\":\"https:\\\/\\\/corele.shop\\\/#\\\/schema\\\/logo\\\/image\\\/\"}}]}<\/script>\n<!-- \/ Yoast SEO plugin. -->","yoast_head_json":{"title":"About COREL\u00c9 - COREL\u00c9","robots":{"index":"index","follow":"follow","max-snippet":"max-snippet:-1","max-image-preview":"max-image-preview:large","max-video-preview":"max-video-preview:-1"},"canonical":"https:\/\/corele.shop\/pl\/about-corele\/","og_locale":"pl_PL","og_type":"article","og_title":"About COREL\u00c9 - COREL\u00c9","og_description":"The Story of COREL\u00c9 At COREL\u00c9, we believe in quiet luxury and natural comfort.Each piece is thoughtfully crafted from 100% [&hellip;]","og_url":"https:\/\/corele.shop\/pl\/about-corele\/","og_site_name":"COREL\u00c9","article_modified_time":"2025-11-02T17:31:32+00:00","og_image":[{"width":1024,"height":1024,"url":"https:\/\/corele.shop\/wp-content\/uploads\/2025\/11\/FF709D43-BA2C-4926-83A1-4E8ADE5EA6B2.jpg","type":"image\/jpeg"}],"twitter_card":"summary_large_image","twitter_misc":{"Szacowany czas czytania":"1 minuta"},"schema":{"@context":"https:\/\/schema.org","@graph":[{"@type":"WebPage","@id":"https:\/\/corele.shop\/about-corele\/","url":"https:\/\/corele.shop\/about-corele\/","name":"About COREL\u00c9 - COREL\u00c9","isPartOf":{"@id":"https:\/\/corele.shop\/#website"},"primaryImageOfPage":{"@id":"https:\/\/corele.shop\/about-corele\/#primaryimage"},"image":{"@id":"https:\/\/corele.shop\/about-corele\/#primaryimage"},"thumbnailUrl":"https:\/\/corele.shop\/wp-content\/uploads\/2025\/11\/FF709D43-BA2C-4926-83A1-4E8ADE5EA6B2.jpg","datePublished":"2025-10-14T20:44:07+00:00","dateModified":"2025-11-02T17:31:32+00:00","breadcrumb":{"@id":"https:\/\/corele.shop\/about-corele\/#breadcrumb"},"inLanguage":"pl-PL","potentialAction":[{"@type":"ReadAction","target":["https:\/\/corele.shop\/about-corele\/"]}]},{"@type":"ImageObject","inLanguage":"pl-PL","@id":"https:\/\/corele.shop\/about-corele\/#primaryimage","url":"https:\/\/corele.shop\/wp-content\/uploads\/2025\/11\/FF709D43-BA2C-4926-83A1-4E8ADE5EA6B2.jpg","contentUrl":"https:\/\/corele.shop\/wp-content\/uploads\/2025\/11\/FF709D43-BA2C-4926-83A1-4E8ADE5EA6B2.jpg"},{"@type":"BreadcrumbList","@id":"https:\/\/corele.shop\/about-corele\/#breadcrumb","itemListElement":[{"@type":"ListItem","position":1,"name":"Home","item":"https:\/\/corele.shop\/"},{"@type":"ListItem","position":2,"name":"About COREL\u00c9"}]},{"@type":"WebSite","@id":"https:\/\/corele.shop\/#website","url":"https:\/\/corele.shop\/","name":"Corele.shop","description":"","publisher":{"@id":"https:\/\/corele.shop\/#organization"},"potentialAction":[{"@type":"SearchAction","target":{"@type":"EntryPoint","urlTemplate":"https:\/\/corele.shop\/?s={search_term_string}"},"query-input":{"@type":"PropertyValueSpecification","valueRequired":true,"valueName":"search_term_string"}}],"inLanguage":"pl-PL"},{"@type":"Organization","@id":"https:\/\/corele.shop\/#organization","name":"Corele.shop","url":"https:\/\/corele.shop\/","logo":{"@type":"ImageObject","inLanguage":"pl-PL","@id":"https:\/\/corele.shop\/#\/schema\/logo\/image\/","url":"https:\/\/corele.shop\/wp-content\/uploads\/2025\/11\/CB6350C4-6CE3-47DD-AF95-24D785963978.jpg","contentUrl":"https:\/\/corele.shop\/wp-content\/uploads\/2025\/11\/CB6350C4-6CE3-47DD-AF95-24D785963978.jpg","width":1536,"height":1024,"caption":"Corele.shop"},"image":{"@id":"https:\/\/corele.shop\/#\/schema\/logo\/image\/"}}]}},"_hostinger_reach_plugin_has_subscription_block":false,"_hostinger_reach_plugin_is_elementor":false,"jetpack_sharing_enabled":true,"_links":{"self":[{"href":"https:\/\/corele.shop\/pl\/wp-json\/wp\/v2\/pages\/81","targetHints":{"allow":["GET"]}}],"collection":[{"href":"https:\/\/corele.shop\/pl\/wp-json\/wp\/v2\/pages"}],"about":[{"href":"https:\/\/corele.shop\/pl\/wp-json\/wp\/v2\/types\/page"}],"author":[{"embeddable":true,"href":"https:\/\/corele.shop\/pl\/wp-json\/wp\/v2\/users\/1"}],"replies":[{"embeddable":true,"href":"https:\/\/corele.shop\/pl\/wp-json\/wp\/v2\/comments?post=81"}],"version-history":[{"count":31,"href":"https:\/\/corele.shop\/pl\/wp-json\/wp\/v2\/pages\/81\/revisions"}],"predecessor-version":[{"id":893,"href":"https:\/\/corele.shop\/pl\/wp-json\/wp\/v2\/pages\/81\/revisions\/893"}],"wp:attachment":[{"href":"https:\/\/corele.shop\/pl\/wp-json\/wp\/v2\/media?parent=81"}],"curies":[{"name":"wp","href":"https:\/\/api.w.org\/{rel}","templated":true}]}}